{"id":34,"date":"2026-01-18T17:35:16","date_gmt":"2026-01-18T16:35:16","guid":{"rendered":"https:\/\/www.jakutech.com\/domov\/"},"modified":"2026-02-13T18:46:40","modified_gmt":"2026-02-13T17:46:40","slug":"domov","status":"publish","type":"page","link":"https:\/\/www.jakutech.com\/en\/","title":{"rendered":"Domov"},"content":{"rendered":"<div class=\"wp-block-group alignfull is-style-ext-preset--group--natural-1--section has-background-background-color has-background has-global-padding is-layout-constrained wp-container-core-group-is-layout-e96f6837 wp-block-group-is-layout-constrained\" style=\"margin-top:0;margin-bottom:0;padding-top:0;padding-right:0;padding-bottom:0;padding-left:0\">\n<div class=\"wp-block-cover alignfull is-style-ext-preset--cover--natural-1--cover-overlay-1 is-style-ext-preset--cover--natural-1--cover-overlay-1--2\" style=\"padding-top:var(--wp--preset--spacing--70);padding-right:var(--wp--preset--spacing--30);padding-bottom:var(--wp--preset--spacing--70);padding-left:var(--wp--preset--spacing--30);min-height:60vh;aspect-ratio:unset;\"><img loading=\"lazy\" decoding=\"async\" width=\"1440\" height=\"960\" class=\"wp-block-cover__image-background wp-image-39\" alt=\"\" src=\"https:\/\/www.jakutech.com\/wp-content\/uploads\/2026\/01\/6a56e12341be4c779125e37212f24254f8491814.jpg\" data-object-fit=\"cover\" srcset=\"https:\/\/www.jakutech.com\/wp-content\/uploads\/2026\/01\/6a56e12341be4c779125e37212f24254f8491814.jpg 1440w, https:\/\/www.jakutech.com\/wp-content\/uploads\/2026\/01\/6a56e12341be4c779125e37212f24254f8491814-300x200.jpg 300w, https:\/\/www.jakutech.com\/wp-content\/uploads\/2026\/01\/6a56e12341be4c779125e37212f24254f8491814-1024x683.jpg 1024w, https:\/\/www.jakutech.com\/wp-content\/uploads\/2026\/01\/6a56e12341be4c779125e37212f24254f8491814-768x512.jpg 768w, https:\/\/www.jakutech.com\/wp-content\/uploads\/2026\/01\/6a56e12341be4c779125e37212f24254f8491814-18x12.jpg 18w\" sizes=\"auto, (max-width: 1440px) 100vw, 1440px\" \/><span aria-hidden=\"true\" class=\"wp-block-cover__background has-background-dim-80 has-background-dim\" style=\"background-color:#010101\"><\/span><div class=\"wp-block-cover__inner-container has-global-padding is-layout-constrained wp-container-core-cover-is-layout-5cffc2c1 wp-block-cover-is-layout-constrained\">\n<div class=\"wp-block-group alignwide is-vertical is-layout-flex wp-container-core-group-is-layout-c35747d5 wp-block-group-is-layout-flex\">\n<div class=\"wp-block-group has-global-padding is-layout-constrained wp-container-core-group-is-layout-2287c683 wp-block-group-is-layout-constrained\">\n<h1 class=\"wp-block-heading has-text-align-left has-text-color has-link-color wp-elements-c9147c81d7237e08fef83b2f83843a91\" style=\"color:#fefefe\">Reliable services for moving and installing machines<\/h1>\n\n\n\n<p class=\"has-text-align-left has-text-color has-link-color wp-elements-b0ee2db29b48c7994797652dd0631a4c\" style=\"color:#fefefe\">Jakutech offers comprehensive solutions for the relocation, dismantling, and installation of industrial technologies, with an emphasis on efficiency and safety.<\/p>\n<\/div>\n\n\n\n<div class=\"wp-block-buttons is-layout-flex wp-block-buttons-is-layout-flex\"><\/div>\n<\/div>\n<\/div><\/div>\n<\/div>\n\n\n\n<div class=\"wp-block-group alignfull is-style-ext-preset--group--natural-1--section has-tertiary-background-color has-background has-global-padding is-layout-constrained wp-block-group-is-layout-constrained\" id=\"o-nas\" style=\"margin-top:0;margin-bottom:0;padding-top:var(--wp--preset--spacing--70);padding-bottom:var(--wp--preset--spacing--70)\">\n<div class=\"wp-block-group alignwide is-vertical is-content-justification-center is-layout-flex wp-container-core-group-is-layout-c9ee0c5a wp-block-group-is-layout-flex\">\n<div class=\"wp-block-group has-global-padding is-layout-constrained wp-container-core-group-is-layout-2287c683 wp-block-group-is-layout-constrained\">\n<h2 class=\"wp-block-heading has-text-align-center\">Comprehensive solutions for machine relocation and installation<\/h2>\n\n\n\n<p class=\"has-text-align-center\">We present a portfolio of services focused on customer satisfaction.<\/p>\n\n\n\n<p>Our expertise in relocating and installing machinery brings efficiency and safety to your business.<\/p>\n<\/div>\n<\/div>\n<\/div>\n\n\n\n<div class=\"wp-block-group alignfull is-style-ext-preset--group--natural-1--section has-background-background-color has-background has-global-padding is-layout-constrained wp-container-core-group-is-layout-e955bbaf wp-block-group-is-layout-constrained\" id=\"sluzby\" style=\"margin-top:0;margin-bottom:0;padding-top:var(--wp--preset--spacing--70);padding-bottom:var(--wp--preset--spacing--70)\">\n<div class=\"wp-block-group alignwide is-vertical is-layout-flex wp-container-core-group-is-layout-c35747d5 wp-block-group-is-layout-flex\">\n<div class=\"wp-block-group has-global-padding is-layout-constrained wp-container-core-group-is-layout-5e05634a wp-block-group-is-layout-constrained\">\n<h2 class=\"wp-block-heading\">Precise installation of machines according to your requirements<\/h2>\n\n\n\n<p class=\"has-text-align-left\"><\/p>\n<\/div>\n<\/div>\n\n\n\n<div class=\"wp-block-columns alignwide is-layout-flex wp-container-core-columns-is-layout-08c01c1c wp-block-columns-is-layout-flex\">\n<div class=\"wp-block-column is-layout-flow wp-block-column-is-layout-flow\">\n<div class=\"wp-block-group is-style-ext-preset--group--natural-1--item-card-1--align-start has-global-padding is-layout-constrained wp-block-group-is-layout-constrained is-style-ext-preset--group--natural-1--item-card-1--align-start--5\">\n<div class=\"wp-block-group is-style-default has-global-padding is-layout-constrained wp-block-group-is-layout-constrained\">\n<h3 class=\"wp-block-heading\">Relocation and dismantling of machineries<\/h3>\n\n\n\n<p>We focus on the safe and efficient relocation of your machines .<\/p>\n<\/div>\n<\/div>\n<\/div>\n\n\n\n<div class=\"wp-block-column is-layout-flow wp-block-column-is-layout-flow\">\n<div class=\"wp-block-group is-style-ext-preset--group--natural-1--item-card-1--align-start has-global-padding is-layout-constrained wp-block-group-is-layout-constrained is-style-ext-preset--group--natural-1--item-card-1--align-start--6\">\n<div class=\"wp-block-group is-style-default has-global-padding is-layout-constrained wp-block-group-is-layout-constrained\">\n<h3 class=\"wp-block-heading\">Disposal and recycling of technologies<\/h3>\n\n\n\n<p>We ensure the environmentally friendly disposal of old equipment with an emphasis on sustainable practices.<\/p>\n<\/div>\n<\/div>\n<\/div>\n\n\n\n<div class=\"wp-block-column is-layout-flow wp-block-column-is-layout-flow\">\n<div class=\"wp-block-group is-style-ext-preset--group--natural-1--item-card-1--align-start has-global-padding is-layout-constrained wp-block-group-is-layout-constrained is-style-ext-preset--group--natural-1--item-card-1--align-start--7\">\n<div class=\"wp-block-group is-style-default has-global-padding is-layout-constrained wp-block-group-is-layout-constrained\">\n<h3 class=\"wp-block-heading\">Installation<\/h3>\n\n\n\n<p>We provide professional installation with an emphasis on precision and long-term reliability.<\/p>\n<\/div>\n<\/div>\n<\/div>\n<\/div>\n<\/div>\n\n\n\n<div class=\"wp-block-group alignwide is-style-ext-preset--group--natural-1--section has-tertiary-background-color has-background has-global-padding is-layout-constrained wp-block-group-is-layout-constrained\" id=\"kontakt\" style=\"margin-top:0;margin-bottom:0;padding-top:var(--wp--preset--spacing--70);padding-bottom:var(--wp--preset--spacing--70)\">\n<ul class=\"wp-block-list\">\n<li><strong>Jakutech s.r.o.<\/strong><\/li>\n\n\n\n<li>Kuchy\u0148a 1451, Kuchy\u0148a SK-90052, Slovakia<\/li>\n\n\n\n<li>info@jakutech.com<\/li>\n\n\n\n<li>I\u010cO: 57 41 41 31<\/li>\n\n\n\n<li>DI\u010c: 21 22 72 72 00<\/li>\n\n\n\n<li>I\u010c DPH: SK 21 22 72 72 00<\/li>\n\n\n\n<li>Spolo\u010dnos\u0165 je zap\u00edsan\u00e1 v Obchodnom registri : Mestsk\u00fd s\u00fad Bratislava III, Oddiel: Sro, vlo\u017eka \u010d. 195431\/B<\/li>\n\n\n\n<li>IBAN:SK09 0900 0000 0052 4381 6349<\/li>\n\n\n\n<li>BIC\/SWIFT : GIBASKBX<\/li>\n<\/ul>\n\n\n\n<ul class=\"wp-block-list\">\n<li>Michal Jakub\u010d\u00e1k st.<\/li>\n\n\n\n<li>jakubcak.sr@jakutech.com<\/li>\n\n\n\n<li>+421 944 948 248<\/li>\n<\/ul>\n\n\n\n<ul class=\"wp-block-list\">\n<li>Michal Jakub\u010d\u00e1k ml.<\/li>\n\n\n\n<li>jakubcak.jr@jakutech.com<\/li>\n\n\n\n<li>+421 911 454 603<\/li>\n<\/ul>\n<\/div>\n\n\n\n<p><\/p>","protected":false},"excerpt":{"rendered":"<p>Komplexn\u00e9 rie\u0161enia pre premiestnenie a in\u0161tal\u00e1ciu strojov Predstavujeme portf\u00f3lio slu\u017eieb zameran\u00fdch na spokojnos\u0165 klienta. Na\u0161a odbornos\u0165 v premiest\u0148ovan\u00ed a in\u0161tal\u00e1cii strojov prin\u00e1\u0161a efekt\u00edvnos\u0165 a bezpe\u010dnos\u0165 pre va\u0161e podnikanie. Presn\u00e1 in\u0161tal\u00e1cia strojov pod\u013ea va\u0161ich po\u017eiadaviek Premiestnenie a demont\u00e1\u017e strojov Zameriavame sa na bezpe\u010dn\u00e9 a efekt\u00edvne presuny va\u0161ich strojov bez preru\u0161enia v\u00fdroby. Likvid\u00e1cia a recykl\u00e1cia technol\u00f3gi\u00ed Zabezpe\u010dujeme [&hellip;]<\/p>\n","protected":false},"author":1,"featured_media":0,"parent":0,"menu_order":0,"comment_status":"closed","ping_status":"closed","template":"no-title","meta":{"om_disable_all_campaigns":true,"_monsterinsights_skip_tracking":false,"_monsterinsights_sitenote_active":false,"_monsterinsights_sitenote_note":"","_monsterinsights_sitenote_category":0,"footnotes":""},"class_list":["post-34","page","type-page","status-publish","hentry"],"aioseo_notices":[],"_links":{"self":[{"href":"https:\/\/www.jakutech.com\/en\/wp-json\/wp\/v2\/pages\/34","targetHints":{"allow":["GET"]}}],"collection":[{"href":"https:\/\/www.jakutech.com\/en\/wp-json\/wp\/v2\/pages"}],"about":[{"href":"https:\/\/www.jakutech.com\/en\/wp-json\/wp\/v2\/types\/page"}],"author":[{"embeddable":true,"href":"https:\/\/www.jakutech.com\/en\/wp-json\/wp\/v2\/users\/1"}],"replies":[{"embeddable":true,"href":"https:\/\/www.jakutech.com\/en\/wp-json\/wp\/v2\/comments?post=34"}],"version-history":[{"count":21,"href":"https:\/\/www.jakutech.com\/en\/wp-json\/wp\/v2\/pages\/34\/revisions"}],"predecessor-version":[{"id":109,"href":"https:\/\/www.jakutech.com\/en\/wp-json\/wp\/v2\/pages\/34\/revisions\/109"}],"wp:attachment":[{"href":"https:\/\/www.jakutech.com\/en\/wp-json\/wp\/v2\/media?parent=34"}],"curies":[{"name":"wp","href":"https:\/\/api.w.org\/{rel}","templated":true}]}}